{"id":53,"date":"2022-06-27T06:17:32","date_gmt":"2022-06-27T06:17:32","guid":{"rendered":"https:\/\/bracketweb.com\/brotewp\/?page_id=53"},"modified":"2026-03-04T13:42:35","modified_gmt":"2026-03-04T09:42:35","slug":"home-one-2","status":"publish","type":"page","link":"https:\/\/pakyuma.az\/","title":{"rendered":"Home One"},"content":{"rendered":"\t\t<div data-elementor-type=\"wp-page\" data-elementor-id=\"53\" class=\"elementor elementor-53\">\n\t\t\t\t\t\t<section class=\"elementor-section elementor-top-section elementor-element elementor-element-05122cd elementor-section-full_width elementor-section-height-default elementor-section-height-default\" data-id=\"05122cd\" data-element_type=\"section\" data-e-type=\"section\">\n\t\t\t\t\t\t<div class=\"elementor-container elementor-column-gap-no\">\n\t\t\t\t\t<div class=\"elementor-column elementor-col-100 elementor-top-column elementor-element elementor-element-93227d2\" data-id=\"93227d2\" data-element_type=\"column\" data-e-type=\"column\">\n\t\t\t<div class=\"elementor-widget-wrap elementor-element-populated\">\n\t\t\t\t\t\t<div class=\"elementor-element elementor-element-fb3fcef elementor-widget elementor-widget-brote-main-slider\" data-id=\"fb3fcef\" data-element_type=\"widget\" data-e-type=\"widget\" data-widget_type=\"brote-main-slider.default\">\n\t\t\t\t<div class=\"elementor-widget-container\">\n\t\t\t\t\t\r\n    <!--Main Slider Start-->\r\n    <section class=\"main-slider-three clearfix\">\r\n        <div class=\"swiper thm-swiper__slider\" data-swiper-options='{\"slidesPerView\": 1,\r\n                \"loop\": true,\r\n                \"effect\": \"fade\",\r\n                \"pagination\": {\r\n                \"el\": \"#main-slider-pagination\",\r\n                \"type\": \"bullets\",\r\n                \"clickable\": true\r\n                },\r\n                \"navigation\": {\r\n                \"nextEl\": \"#main-slider__swiper-button-next\",\r\n                \"prevEl\": \"#main-slider__swiper-button-prev\"\r\n                },\r\n                \"autoplay\": {\r\n                \"delay\": 5000                }}'>\r\n            <div class=\"swiper-wrapper\">\r\n                                    <div class=\"swiper-slide\">\r\n                        <div class=\"image-layer-three\" style=\"background-image: url(https:\/\/pakyuma.az\/wp-content\/uploads\/2026\/02\/image8.jpg);\"><\/div>\r\n                        <!-- \/.image-layer -->\r\n                        <div class=\"container\">\r\n                            <div class=\"row\">\r\n                                <div class=\"col-xl-7\">\r\n                                    <div class=\"main-slider-three__content\">\r\n                                                                                    <h2 class=\"main-slider-three__title\">Keyfiyy\u0259tli T\u0259mizlik <\/br> Xidm\u0259ti<\/h2>\r\n                                                                                                                            <p class=\"main-slider-three__text\">Pakyuma T\u0259mizlik R\u0259mzidir<\/p>\r\n                                                                                                                            <div class=\"main-slider-three__btn-box\">\r\n                                                <a target=_blank href=\"#\" class=\"thm-btn main-slider-three__btn\">Daha \u018ftrafl\u0131 <i class=\"fa fa-angle-right\"><\/i><\/a>\r\n                                            <\/div>\r\n                                                                            <\/div>\r\n                                <\/div>\r\n                            <\/div>\r\n                        <\/div>\r\n                    <\/div>\r\n                                    <div class=\"swiper-slide\">\r\n                        <div class=\"image-layer-three\" style=\"background-image: url(https:\/\/pakyuma.az\/wp-content\/uploads\/2026\/02\/image7.jpg);\"><\/div>\r\n                        <!-- \/.image-layer -->\r\n                        <div class=\"container\">\r\n                            <div class=\"row\">\r\n                                <div class=\"col-xl-7\">\r\n                                    <div class=\"main-slider-three__content\">\r\n                                                                                    <h2 class=\"main-slider-three__title\">T\u0259rav\u0259tli T\u0259miz <\/br> Yuyulma<\/h2>\r\n                                                                                                                            <p class=\"main-slider-three__text\">Pakyuma T\u0259mizlik R\u0259mzidir<\/p>\r\n                                                                                                                            <div class=\"main-slider-three__btn-box\">\r\n                                                <a target=_blank href=\"#\" class=\"thm-btn main-slider-three__btn\">Daha \u018ftrafl\u0131 <i class=\"fa fa-angle-right\"><\/i><\/a>\r\n                                            <\/div>\r\n                                                                            <\/div>\r\n                                <\/div>\r\n                            <\/div>\r\n                        <\/div>\r\n                    <\/div>\r\n                            <\/div>\r\n                            <!-- If we need navigation buttons -->\r\n                <div class=\"main-slider__nav\">\r\n\r\n                    <div class=\"swiper-button-prev\" id=\"main-slider__swiper-button-next\">\r\n                        <i class=\"fa fa-angle-left\"><\/i>\r\n                    <\/div>\r\n\r\n                    <div class=\"swiper-button-next\" id=\"main-slider__swiper-button-prev\">\r\n                        <i class=\"fa fa-angle-right\"><\/i>\r\n                    <\/div>\r\n\r\n                <\/div>\r\n                    <\/div>\r\n        <div class=\"main-slider-three__get-quote clearfix\">\r\n            <div class=\"main-slider-three__get-quote-container clearfix\">\r\n                <div class=\"main-slider-three__get-quote-inner clearfix\">\r\n                                                                <h3 class=\"main-slider-three__get-quote-title\">\u018flaqa<\/h3>\r\n                                                                \n<div class=\"wpcf7 no-js\" id=\"wpcf7-f144-o1\" lang=\"en-US\" dir=\"ltr\" data-wpcf7-id=\"144\">\n<div class=\"screen-reader-response\"><p role=\"status\" aria-live=\"polite\" aria-atomic=\"true\"><\/p> <ul><\/ul><\/div>\n<form action=\"\/index.php?rest_route=%2Fwp%2Fv2%2Fpages%2F53#wpcf7-f144-o1\" method=\"post\" class=\"wpcf7-form init\" aria-label=\"Contact form\" novalidate=\"novalidate\" data-status=\"init\">\n<fieldset class=\"hidden-fields-container\"><input type=\"hidden\" name=\"_wpcf7\" value=\"144\" \/><input type=\"hidden\" name=\"_wpcf7_version\" value=\"6.1.5\" \/><input type=\"hidden\" name=\"_wpcf7_locale\" value=\"en_US\" \/><input type=\"hidden\" name=\"_wpcf7_unit_tag\" value=\"wpcf7-f144-o1\" \/><input type=\"hidden\" name=\"_wpcf7_container_post\" value=\"0\" \/><input type=\"hidden\" name=\"_wpcf7_posted_data_hash\" value=\"\" \/>\n<\/fieldset>\n<div  class=\"contact-one__form contact-form-validated\">\n\t<div class=\"row\">\n\t\t<div class=\"col-xl-6 col-lg-6 col-md-6\">\n\t\t\t<div class=\"contact-one__form-input-box\">\n\t\t\t\t<p><span class=\"wpcf7-form-control-wrap\" data-name=\"text-243\"><input size=\"40\" maxlength=\"400\" class=\"wpcf7-form-control wpcf7-text wpcf7-validates-as-required\" aria-required=\"true\" aria-invalid=\"false\" placeholder=\"Tam Ad\" value=\"\" type=\"text\" name=\"text-243\" \/><\/span>\n\t\t\t\t<\/p>\n\t\t\t<\/div>\n\t\t<\/div>\n\t\t<div class=\"col-xl-6 col-lg-6 col-md-6\">\n\t\t\t<div class=\"contact-one__form-input-box\">\n\t\t\t\t<p><span class=\"wpcf7-form-control-wrap\" data-name=\"email-433\"><input size=\"40\" maxlength=\"400\" class=\"wpcf7-form-control wpcf7-email wpcf7-validates-as-required wpcf7-text wpcf7-validates-as-email\" aria-required=\"true\" aria-invalid=\"false\" placeholder=\"E-poct\" value=\"\" type=\"email\" name=\"email-433\" \/><\/span>\n\t\t\t\t<\/p>\n\t\t\t<\/div>\n\t\t<\/div>\n\t\t<div class=\"col-xl-6 col-lg-6 col-md-6\">\n\t\t\t<div class=\"contact-one__form-input-box\">\n\t\t\t\t<p><span class=\"wpcf7-form-control-wrap\" data-name=\"text-243\"><input size=\"40\" maxlength=\"400\" class=\"wpcf7-form-control wpcf7-text wpcf7-validates-as-required\" aria-required=\"true\" aria-invalid=\"false\" placeholder=\"Telefon\" value=\"\" type=\"text\" name=\"text-243\" \/><\/span>\n\t\t\t\t<\/p>\n\t\t\t<\/div>\n\t\t<\/div>\n\t\t<div class=\"col-xl-6 col-lg-6 col-md-6\">\n\t\t\t<div class=\"contact-one__form-input-box\">\n\t\t\t\t<p><span class=\"wpcf7-form-control-wrap\" data-name=\"menu-17\"><select class=\"wpcf7-form-control wpcf7-select wpcf7-validates-as-required selectpicker\" aria-required=\"true\" aria-invalid=\"false\" name=\"menu-17\"><option value=\"Yuma\">Yuma<\/option><option value=\"Yuma v\u0259 \u00dct\u00fc\">Yuma v\u0259 \u00dct\u00fc<\/option><\/select><\/span>\n\t\t\t\t<\/p>\n\t\t\t<\/div>\n\t\t<\/div>\n\t<\/div>\n\t<div class=\"row\">\n\t\t<div class=\"col-xl-12\">\n\t\t\t<div class=\"contact-one__form-input-box text-message-box\">\n\t\t\t\t<p><span class=\"wpcf7-form-control-wrap\" data-name=\"textarea-409\"><textarea cols=\"40\" rows=\"10\" maxlength=\"2000\" class=\"wpcf7-form-control wpcf7-textarea wpcf7-validates-as-required\" aria-required=\"true\" aria-invalid=\"false\" placeholder=\"Mesaj\" name=\"textarea-409\"><\/textarea><\/span>\n\t\t\t\t<\/p>\n\t\t\t<\/div>\n\t\t\t<div class=\"contact-one__btn-box\">\n\t\t\t\t<p><button type=\"submit\" class=\"thm-btn contact-one__btn\">G\u00f6nd\u0259r <i\n                    class=\"fa fa-angle-right\"><\/i><\/button>\n\t\t\t\t<\/p>\n\t\t\t<\/div>\n\t\t<\/div>\n\t<\/div>\n<\/div><div class=\"wpcf7-response-output\" aria-hidden=\"true\"><\/div>\n<\/form>\n<\/div>\n                    \r\n                <\/div>\r\n            <\/div>\r\n        <\/div>\r\n    <\/section>\r\n    <!--Main Slider End-->\r\n\t\t\t\t<\/div>\n\t\t\t\t<\/div>\n\t\t\t\t\t<\/div>\n\t\t<\/div>\n\t\t\t\t\t<\/div>\n\t\t<\/section>\n\t\t\t\t<section class=\"elementor-section elementor-top-section elementor-element elementor-element-36dee6f elementor-section-full_width elementor-section-height-default elementor-section-height-default\" data-id=\"36dee6f\" data-element_type=\"section\" data-e-type=\"section\">\n\t\t\t\t\t\t<div class=\"elementor-container elementor-column-gap-no\">\n\t\t\t\t\t<div class=\"elementor-column elementor-col-100 elementor-top-column elementor-element elementor-element-e160c14\" data-id=\"e160c14\" data-element_type=\"column\" data-e-type=\"column\">\n\t\t\t<div class=\"elementor-widget-wrap elementor-element-populated\">\n\t\t\t\t\t\t<div class=\"elementor-element elementor-element-6c3bad3 elementor-widget elementor-widget-spacer\" data-id=\"6c3bad3\" data-element_type=\"widget\" data-e-type=\"widget\" data-widget_type=\"spacer.default\">\n\t\t\t\t\t\t\t<div class=\"elementor-spacer\">\n\t\t\t<div class=\"elementor-spacer-inner\"><\/div>\n\t\t<\/div>\n\t\t\t\t\t\t<\/div>\n\t\t\t\t\t<\/div>\n\t\t<\/div>\n\t\t\t\t\t<\/div>\n\t\t<\/section>\n\t\t\t\t<section class=\"elementor-section elementor-top-section elementor-element elementor-element-ba6f70d elementor-section-full_width elementor-section-height-default elementor-section-height-default\" data-id=\"ba6f70d\" data-element_type=\"section\" data-e-type=\"section\">\n\t\t\t\t\t\t<div class=\"elementor-container elementor-column-gap-no\">\n\t\t\t\t\t<div class=\"elementor-column elementor-col-100 elementor-top-column elementor-element elementor-element-c05bad0\" data-id=\"c05bad0\" data-element_type=\"column\" data-e-type=\"column\">\n\t\t\t<div class=\"elementor-widget-wrap elementor-element-populated\">\n\t\t\t\t\t\t<div class=\"elementor-element elementor-element-e984594 elementor-widget elementor-widget-brote-service\" data-id=\"e984594\" data-element_type=\"widget\" data-e-type=\"widget\" data-widget_type=\"brote-service.default\">\n\t\t\t\t<div class=\"elementor-widget-container\">\n\t\t\t\t\t\r\n\t<!--Services One Start-->\r\n\t<section class=\"services-one\">\r\n\t\t<div class=\"container\">\r\n\t\t\t\t\t\t\t<div class=\"section-title text-center\">\r\n\t\t\t\t\t\t\t\t\t\t\t<span class=\"section-title__tagline\">Biz N\u0259 T\u0259klif Edirik?\n<\/span>\r\n\t\t\t\t\t\t\t\t\t\t\t\t\t\t\t\t<h2 class=\"section-title__title\">M\u00fc\u015ft\u0259ril\u0259rimiz \u00fc\u00e7\u00fcn \u0259n yax\u015f\u0131 <br> xidm\u0259tl\u0259ri t\u0259qdim edirik<\/h2>\r\n\t\t\t\t\t\t\t\t\t<\/div>\r\n\t\t\t\t\t\t<div class=\"row\">\r\n\t\t\t\t\t\t\t\t\t\t\t\t\t\t\t<!--Services One Single Start-->\r\n\t\t\t\t\t\t<div class=\"col-xl-4 col-lg-6 wow fadeInUp\" data-wow-delay=\"100ms\">\r\n\t\t\t\t\t\t\t<div class=\"services-one__single\">\r\n\t\t\t\t\t\t\t\t\t\t\t\t\t\t\t\t\t<div class=\"services-one__single-top-bubble\" style=\"background-image: url(https:\/\/bracketweb.com\/brotewp\/wp-content\/uploads\/2022\/06\/services-one-single-top-bubble.png);\">\r\n\t\t\t\t\t\t\t\t\t<\/div>\r\n\t\t\t\t\t\t\t\t\t\t\t\t\t\t\t\t<div class=\"services-one__icon icon-svg-large\">\r\n\t\t\t\t\t\t\t\t\t<span aria-hidden=\"true\" class=\"  icon-plumbing\"><\/span>\t\t\t\t\t\t\t\t<\/div>\r\n\t\t\t\t\t\t\t\t<div class=\"services-one__single-inner\">\r\n\t\t\t\t\t\t\t\t\t<div class=\"services-one__title-box\">\r\n\t\t\t\t\t\t\t\t\t\t<h3 class=\"services-one__title\"><a target=_blank href=\"#\">\u00dcnvandan G\u00f6t\u00fcrm\u0259<\/a><\/h3>\r\n\t\t\t\t\t\t\t\t\t<\/div>\r\n\t\t\t\t\t\t\t\t\t<div class=\"services-one__text-box\">\r\n\t\t\t\t\t\t\t\t\t\t<p class=\"services-one__text\">\u018fm\u0259kda\u015f\u0131m\u0131z \u00dcnvana yax\u0131nla\u015f\u0131b cama\u015f\u0131rlar\u0131n qabla\u015fd\u0131r\u0131lmas\u0131n\u0131, say\u0131n\u0131 m\u00fc\u0259yy\u0259n ed\u0259r\u0259k sizd\u0259n t\u0259hvil al\u0131r.<\/p>\r\n\t\t\t\t\t\t\t\t\t<\/div>\r\n\t\t\t\t\t\t\t\t<\/div>\r\n\t\t\t\t\t\t\t\t\t\t\t\t\t\t\t\t\t<div class=\"services-one__overly-box\" style=\"background-image: url(https:\/\/bracketweb.com\/brotewp\/wp-content\/uploads\/2022\/06\/services-one-single-overlay-bg-1.png);\">\r\n\t\t\t\t\t\t\t\t\t<\/div>\r\n\t\t\t\t\t\t\t\t\t\t\t\t\t\t\t<\/div>\r\n\t\t\t\t\t\t<\/div>\r\n\t\t\t\t\t\t<!--Services One Single End-->\r\n\t\t\t\t\t\t\t\t\t\t<!--Services One Single Start-->\r\n\t\t\t\t\t\t<div class=\"col-xl-4 col-lg-6 wow fadeInUp\" data-wow-delay=\"100ms\">\r\n\t\t\t\t\t\t\t<div class=\"services-one__single\">\r\n\t\t\t\t\t\t\t\t\t\t\t\t\t\t\t\t\t<div class=\"services-one__single-top-bubble\" style=\"background-image: url(https:\/\/bracketweb.com\/brotewp\/wp-content\/uploads\/2022\/06\/services-one-single-top-bubble.png);\">\r\n\t\t\t\t\t\t\t\t\t<\/div>\r\n\t\t\t\t\t\t\t\t\t\t\t\t\t\t\t\t<div class=\"services-one__icon icon-svg-large\">\r\n\t\t\t\t\t\t\t\t\t<span aria-hidden=\"true\" class=\"   icon-worker\"><\/span>\t\t\t\t\t\t\t\t<\/div>\r\n\t\t\t\t\t\t\t\t<div class=\"services-one__single-inner\">\r\n\t\t\t\t\t\t\t\t\t<div class=\"services-one__title-box\">\r\n\t\t\t\t\t\t\t\t\t\t<h3 class=\"services-one__title\"><a target=_blank href=\"#\">Yuma V\u0259 \u00dct\u00fcl\u0259m\u0259<\/a><\/h3>\r\n\t\t\t\t\t\t\t\t\t<\/div>\r\n\t\t\t\t\t\t\t\t\t<div class=\"services-one__text-box\">\r\n\t\t\t\t\t\t\t\t\t\t<p class=\"services-one__text\">\u018fm\u0259kda\u015flar\u0131m\u0131z, cama\u015f\u0131rlar\u0131 ce\u015fidl\u0259yir, y\u00fcks\u0259k keyfiyy\u0259tli yuyucu vasit\u0259l\u0259rl\u0259 yuyur, dezinfeksiya edir, buxarla \u00fct\u00fcl\u0259yir.<\/p>\r\n\t\t\t\t\t\t\t\t\t<\/div>\r\n\t\t\t\t\t\t\t\t<\/div>\r\n\t\t\t\t\t\t\t\t\t\t\t\t\t\t\t\t\t<div class=\"services-one__overly-box\" style=\"background-image: url(https:\/\/bracketweb.com\/brotewp\/wp-content\/uploads\/2022\/06\/services-one-single-overlay-bg-1.png);\">\r\n\t\t\t\t\t\t\t\t\t<\/div>\r\n\t\t\t\t\t\t\t\t\t\t\t\t\t\t\t<\/div>\r\n\t\t\t\t\t\t<\/div>\r\n\t\t\t\t\t\t<!--Services One Single End-->\r\n\t\t\t\t\t\t\t\t\t\t<!--Services One Single Start-->\r\n\t\t\t\t\t\t<div class=\"col-xl-4 col-lg-6 wow fadeInUp\" data-wow-delay=\"100ms\">\r\n\t\t\t\t\t\t\t<div class=\"services-one__single\">\r\n\t\t\t\t\t\t\t\t\t\t\t\t\t\t\t\t\t<div class=\"services-one__single-top-bubble\" style=\"background-image: url(https:\/\/bracketweb.com\/brotewp\/wp-content\/uploads\/2022\/06\/services-one-single-top-bubble.png);\">\r\n\t\t\t\t\t\t\t\t\t<\/div>\r\n\t\t\t\t\t\t\t\t\t\t\t\t\t\t\t\t<div class=\"services-one__icon icon-svg-large\">\r\n\t\t\t\t\t\t\t\t\t<span aria-hidden=\"true\" class=\"   icon-laundry\"><\/span>\t\t\t\t\t\t\t\t<\/div>\r\n\t\t\t\t\t\t\t\t<div class=\"services-one__single-inner\">\r\n\t\t\t\t\t\t\t\t\t<div class=\"services-one__title-box\">\r\n\t\t\t\t\t\t\t\t\t\t<h3 class=\"services-one__title\"><a target=_blank href=\"#\">Catd\u0131r\u0131lma<\/a><\/h3>\r\n\t\t\t\t\t\t\t\t\t<\/div>\r\n\t\t\t\t\t\t\t\t\t<div class=\"services-one__text-box\">\r\n\t\t\t\t\t\t\t\t\t\t<p class=\"services-one__text\">Ce\u015fidl\u0259nmi\u015f cama\u015f\u0131rlar m\u00fc\u015ft\u0259ri bazas\u0131na uy\u011fun ard\u0131c\u0131ll\u0131qla say\u0131l\u0131b steril paketl\u0259nmi\u015f \u015f\u0259kild\u0259 t\u0259hvil verilir.  <\/p>\r\n\t\t\t\t\t\t\t\t\t<\/div>\r\n\t\t\t\t\t\t\t\t<\/div>\r\n\t\t\t\t\t\t\t\t\t\t\t\t\t\t\t\t\t<div class=\"services-one__overly-box\" style=\"background-image: url(https:\/\/bracketweb.com\/brotewp\/wp-content\/uploads\/2022\/06\/services-one-single-overlay-bg-1.png);\">\r\n\t\t\t\t\t\t\t\t\t<\/div>\r\n\t\t\t\t\t\t\t\t\t\t\t\t\t\t\t<\/div>\r\n\t\t\t\t\t\t<\/div>\r\n\t\t\t\t\t\t<!--Services One Single End-->\r\n\t\t\t\t\t\t\t<\/div>\r\n\r\n\t\t<\/div>\r\n\t<\/section>\r\n\t<!--Services One End-->\r\n\r\n\t\t\t\t<\/div>\n\t\t\t\t<\/div>\n\t\t\t\t\t<\/div>\n\t\t<\/div>\n\t\t\t\t\t<\/div>\n\t\t<\/section>\n\t\t\t\t<\/div>\n\t\t","protected":false},"excerpt":{"rendered":"<p>Keyfiyy\u0259tli T\u0259mizlik Xidm\u0259ti Pakyuma T\u0259mizlik R\u0259mzidir Daha \u018ftrafl\u0131 T\u0259rav\u0259tli T\u0259miz Yuyulma Pakyuma T\u0259mizlik R\u0259mzidir Daha \u018ftrafl\u0131 \u018flaqa YumaYuma v\u0259 \u00dct\u00fc G\u00f6nd\u0259r Biz N\u0259 T\u0259klif Edirik? M\u00fc\u015ft\u0259ril\u0259rimiz \u00fc\u00e7\u00fcn \u0259n yax\u015f\u0131 xidm\u0259tl\u0259ri t\u0259qdim edirik \u00dcnvandan G\u00f6t\u00fcrm\u0259 \u018fm\u0259kda\u015f\u0131m\u0131z \u00dcnvana yax\u0131nla\u015f\u0131b cama\u015f\u0131rlar\u0131n qabla\u015fd\u0131r\u0131lmas\u0131n\u0131, say\u0131n\u0131 m\u00fc\u0259yy\u0259n ed\u0259r\u0259k sizd\u0259n t\u0259hvil al\u0131r. Yuma V\u0259 \u00dct\u00fcl\u0259m\u0259 \u018fm\u0259kda\u015flar\u0131m\u0131z, cama\u015f\u0131rlar\u0131 ce\u015fidl\u0259yir, y\u00fcks\u0259k keyfiyy\u0259tli yuyucu vasit\u0259l\u0259rl\u0259 [&hellip;]<\/p>\n","protected":false},"author":1,"featured_media":0,"parent":0,"menu_order":0,"comment_status":"closed","ping_status":"closed","template":"elementor_header_footer","meta":{"footnotes":""},"class_list":["post-53","page","type-page","status-publish","hentry"],"_links":{"self":[{"href":"https:\/\/pakyuma.az\/index.php?rest_route=\/wp\/v2\/pages\/53","targetHints":{"allow":["GET"]}}],"collection":[{"href":"https:\/\/pakyuma.az\/index.php?rest_route=\/wp\/v2\/pages"}],"about":[{"href":"https:\/\/pakyuma.az\/index.php?rest_route=\/wp\/v2\/types\/page"}],"author":[{"embeddable":true,"href":"https:\/\/pakyuma.az\/index.php?rest_route=\/wp\/v2\/users\/1"}],"replies":[{"embeddable":true,"href":"https:\/\/pakyuma.az\/index.php?rest_route=%2Fwp%2Fv2%2Fcomments&post=53"}],"version-history":[{"count":71,"href":"https:\/\/pakyuma.az\/index.php?rest_route=\/wp\/v2\/pages\/53\/revisions"}],"predecessor-version":[{"id":1492,"href":"https:\/\/pakyuma.az\/index.php?rest_route=\/wp\/v2\/pages\/53\/revisions\/1492"}],"wp:attachment":[{"href":"https:\/\/pakyuma.az\/index.php?rest_route=%2Fwp%2Fv2%2Fmedia&parent=53"}],"curies":[{"name":"wp","href":"https:\/\/api.w.org\/{rel}","templated":true}]}}