{"id":25,"date":"2022-06-27T05:11:59","date_gmt":"2022-06-27T05:11:59","guid":{"rendered":"https:\/\/bracketweb.com\/brotewp\/?page_id=25"},"modified":"2026-03-02T15:01:30","modified_gmt":"2026-03-02T11:01:30","slug":"contact","status":"publish","type":"page","link":"https:\/\/pakyuma.az\/?page_id=25","title":{"rendered":"Contact"},"content":{"rendered":"\t\t<div data-elementor-type=\"wp-page\" data-elementor-id=\"25\" class=\"elementor elementor-25\">\n\t\t\t\t\t\t<section class=\"elementor-section elementor-top-section elementor-element elementor-element-02f63eb elementor-section-full_width elementor-section-height-default elementor-section-height-default\" data-id=\"02f63eb\" data-element_type=\"section\" data-e-type=\"section\">\n\t\t\t\t\t\t<div class=\"elementor-container elementor-column-gap-no\">\n\t\t\t\t\t<div class=\"elementor-column elementor-col-100 elementor-top-column elementor-element elementor-element-354704f\" data-id=\"354704f\" data-element_type=\"column\" data-e-type=\"column\">\n\t\t\t<div class=\"elementor-widget-wrap\">\n\t\t\t\t\t\t\t<\/div>\n\t\t<\/div>\n\t\t\t\t\t<\/div>\n\t\t<\/section>\n\t\t\t\t<section class=\"elementor-section elementor-top-section elementor-element elementor-element-7072d5b9 elementor-section-full_width elementor-section-height-default elementor-section-height-default\" data-id=\"7072d5b9\" data-element_type=\"section\" data-e-type=\"section\">\n\t\t\t\t\t\t<div class=\"elementor-container elementor-column-gap-no\">\n\t\t\t\t\t<div class=\"elementor-column elementor-col-100 elementor-top-column elementor-element elementor-element-140e04c8\" data-id=\"140e04c8\" data-element_type=\"column\" data-e-type=\"column\">\n\t\t\t<div class=\"elementor-widget-wrap elementor-element-populated\">\n\t\t\t\t\t\t<div class=\"elementor-element elementor-element-4a6b3c2f elementor-widget elementor-widget-brote-contact-form\" data-id=\"4a6b3c2f\" data-element_type=\"widget\" data-e-type=\"widget\" data-widget_type=\"brote-contact-form.default\">\n\t\t\t\t<div class=\"elementor-widget-container\">\n\t\t\t\t\t    <!--Contact One Start-->\r\n    <section class=\"contact-one\">\r\n                    <div class=\"contact-one-shape-4 wow slideInLeft\" data-wow-delay=\"100ms\" data-wow-duration=\"2500ms\">\r\n                <img decoding=\"async\" src=\"https:\/\/bracketweb.com\/brotewp\/wp-content\/uploads\/2022\/06\/contact-one-shape-4.png\" alt=\"alt\">\r\n            <\/div>\r\n                <div class=\"contact-one__container\">\r\n            <div class=\"container\">\r\n                <div class=\"row\">\r\n                    <div class=\"col-xl-7 col-lg-7\">\r\n                        <div class=\"contact-one__left\">\r\n                                                            <div class=\"section-title text-left\">\r\n                                                                                                                <h2 class=\"section-title__title\">Xidm\u0259t \u00dc\u00e7\u00fcn \u018flaq\u0259<\/h2>\r\n                                                                    <\/div>\r\n                                                                                        <div class=\"wpcf7 no-js\" id=\"wpcf7-f144-o1\" lang=\"en-US\" dir=\"ltr\" data-wpcf7-id=\"144\">\n<div class=\"screen-reader-response\">\n<p role=\"status\" aria-live=\"polite\" aria-atomic=\"true\">\n<ul><\/ul>\n<\/div>\n<form action=\"\/index.php?rest_route=%2Fwp%2Fv2%2Fpages%2F25#wpcf7-f144-o1\" method=\"post\" class=\"wpcf7-form init\" aria-label=\"Contact form\" novalidate=\"novalidate\" data-status=\"init\">\n<fieldset class=\"hidden-fields-container\"><input type=\"hidden\" name=\"_wpcf7\" value=\"144\" \/><input type=\"hidden\" name=\"_wpcf7_version\" value=\"6.1.5\" \/><input type=\"hidden\" name=\"_wpcf7_locale\" value=\"en_US\" \/><input type=\"hidden\" name=\"_wpcf7_unit_tag\" value=\"wpcf7-f144-o1\" \/><input type=\"hidden\" name=\"_wpcf7_container_post\" value=\"0\" \/><input type=\"hidden\" name=\"_wpcf7_posted_data_hash\" value=\"\" \/>\n<\/fieldset>\n<div  class=\"contact-one__form contact-form-validated\">\n<div class=\"row\">\n<div class=\"col-xl-6 col-lg-6 col-md-6\">\n<div class=\"contact-one__form-input-box\">\n<p><span class=\"wpcf7-form-control-wrap\" data-name=\"text-243\"><input size=\"40\" maxlength=\"400\" class=\"wpcf7-form-control wpcf7-text wpcf7-validates-as-required\" aria-required=\"true\" aria-invalid=\"false\" placeholder=\"Tam Ad\" value=\"\" type=\"text\" name=\"text-243\" \/><\/span>\n\t\t\t\t<\/p>\n<\/p><\/div>\n<\/p><\/div>\n<div class=\"col-xl-6 col-lg-6 col-md-6\">\n<div class=\"contact-one__form-input-box\">\n<p><span class=\"wpcf7-form-control-wrap\" data-name=\"email-433\"><input size=\"40\" maxlength=\"400\" class=\"wpcf7-form-control wpcf7-email wpcf7-validates-as-required wpcf7-text wpcf7-validates-as-email\" aria-required=\"true\" aria-invalid=\"false\" placeholder=\"E-poct\" value=\"\" type=\"email\" name=\"email-433\" \/><\/span>\n\t\t\t\t<\/p>\n<\/p><\/div>\n<\/p><\/div>\n<div class=\"col-xl-6 col-lg-6 col-md-6\">\n<div class=\"contact-one__form-input-box\">\n<p><span class=\"wpcf7-form-control-wrap\" data-name=\"text-243\"><input size=\"40\" maxlength=\"400\" class=\"wpcf7-form-control wpcf7-text wpcf7-validates-as-required\" aria-required=\"true\" aria-invalid=\"false\" placeholder=\"Telefon\" value=\"\" type=\"text\" name=\"text-243\" \/><\/span>\n\t\t\t\t<\/p>\n<\/p><\/div>\n<\/p><\/div>\n<div class=\"col-xl-6 col-lg-6 col-md-6\">\n<div class=\"contact-one__form-input-box\">\n<p><span class=\"wpcf7-form-control-wrap\" data-name=\"menu-17\"><select class=\"wpcf7-form-control wpcf7-select wpcf7-validates-as-required selectpicker\" aria-required=\"true\" aria-invalid=\"false\" name=\"menu-17\"><option value=\"Yuma\">Yuma<\/option><option value=\"Yuma v\u0259 \u00dct\u00fc\">Yuma v\u0259 \u00dct\u00fc<\/option><\/select><\/span>\n\t\t\t\t<\/p>\n<\/p><\/div>\n<\/p><\/div>\n<\/p><\/div>\n<div class=\"row\">\n<div class=\"col-xl-12\">\n<div class=\"contact-one__form-input-box text-message-box\">\n<p><span class=\"wpcf7-form-control-wrap\" data-name=\"textarea-409\"><textarea cols=\"40\" rows=\"10\" maxlength=\"2000\" class=\"wpcf7-form-control wpcf7-textarea wpcf7-validates-as-required\" aria-required=\"true\" aria-invalid=\"false\" placeholder=\"Mesaj\" name=\"textarea-409\"><\/textarea><\/span>\n\t\t\t\t<\/p>\n<\/p><\/div>\n<div class=\"contact-one__btn-box\">\n<p><button type=\"submit\" class=\"thm-btn contact-one__btn\">G\u00f6nd\u0259r <i\n                    class=\"fa fa-angle-right\"><\/i><\/button>\n\t\t\t\t<\/p>\n<\/p><\/div>\n<\/p><\/div>\n<\/p><\/div>\n<\/div>\n<div class=\"wpcf7-response-output\" aria-hidden=\"true\"><\/div>\n<\/form>\n<\/div>\n                                                    <\/div>\r\n                    <\/div>\r\n                    <div class=\"col-xl-5 col-lg-5\">\r\n                        <div class=\"contact-one__right\">\r\n                            <div class=\"contact-one-shape-1\"><\/div>\r\n                            <div class=\"contact-one-shape-2\"><\/div>\r\n                            <div class=\"contact-one-shape-3\"><\/div>\r\n                                                            <div class=\"contact-one__img\">\r\n                                    <img decoding=\"async\" src=\"https:\/\/pakyuma.az\/wp-content\/uploads\/2026\/02\/image7.jpg\" alt=\"\">\r\n                                <\/div>\r\n                                                                                        <div class=\"contact-one__call\">\r\n                                    <div class=\"contact-one__call-icon icon-svg-large\">\r\n                                        <span aria-hidden=\"true\" class=\"  icon-phone-call\"><\/span>                                    <\/div>\r\n                                    <div class=\"contact-one__call-content\">\r\n                                        <p class=\"contact-one__call-sub-title\">Call Anytime<\/p>\r\n                                        <h5 class=\"contact-one__call-number\"><a href=\"tel:+994%2055%20455%2039%2019\">+994 55 455 39 19<\/a><\/h5>\r\n                                    <\/div>\r\n                                <\/div>\r\n                                                    <\/div>\r\n                    <\/div>\r\n                <\/div>\r\n            <\/div>\r\n        <\/div>\r\n    <\/section>\r\n    <!--Contact One End-->\r\n\t\t\t\t<\/div>\n\t\t\t\t<\/div>\n\t\t\t\t\t<\/div>\n\t\t<\/div>\n\t\t\t\t\t<\/div>\n\t\t<\/section>\n\t\t\t\t<\/div>\n\t\t","protected":false},"excerpt":{"rendered":"<p>Xidm\u0259t \u00dc\u00e7\u00fcn \u018flaq\u0259 Select ServiceService OneService TwoService Three Send a message Call Anytime +994 55 455 39 19<\/p>\n","protected":false},"author":1,"featured_media":0,"parent":0,"menu_order":0,"comment_status":"closed","ping_status":"closed","template":"elementor_header_footer","meta":{"footnotes":""},"class_list":["post-25","page","type-page","status-publish","hentry"],"_links":{"self":[{"href":"https:\/\/pakyuma.az\/index.php?rest_route=\/wp\/v2\/pages\/25","targetHints":{"allow":["GET"]}}],"collection":[{"href":"https:\/\/pakyuma.az\/index.php?rest_route=\/wp\/v2\/pages"}],"about":[{"href":"https:\/\/pakyuma.az\/index.php?rest_route=\/wp\/v2\/types\/page"}],"author":[{"embeddable":true,"href":"https:\/\/pakyuma.az\/index.php?rest_route=\/wp\/v2\/users\/1"}],"replies":[{"embeddable":true,"href":"https:\/\/pakyuma.az\/index.php?rest_route=%2Fwp%2Fv2%2Fcomments&post=25"}],"version-history":[{"count":14,"href":"https:\/\/pakyuma.az\/index.php?rest_route=\/wp\/v2\/pages\/25\/revisions"}],"predecessor-version":[{"id":1441,"href":"https:\/\/pakyuma.az\/index.php?rest_route=\/wp\/v2\/pages\/25\/revisions\/1441"}],"wp:attachment":[{"href":"https:\/\/pakyuma.az\/index.php?rest_route=%2Fwp%2Fv2%2Fmedia&parent=25"}],"curies":[{"name":"wp","href":"https:\/\/api.w.org\/{rel}","templated":true}]}}