{"id":23,"date":"2022-06-27T05:11:16","date_gmt":"2022-06-27T05:11:16","guid":{"rendered":"https:\/\/bracketweb.com\/brotewp\/?page_id=23"},"modified":"2026-03-02T10:20:24","modified_gmt":"2026-03-02T10:20:24","slug":"about","status":"publish","type":"page","link":"https:\/\/pakyuma.az\/?page_id=23","title":{"rendered":"About"},"content":{"rendered":"\t\t<div data-elementor-type=\"wp-page\" data-elementor-id=\"23\" class=\"elementor elementor-23\">\n\t\t\t\t\t\t<section class=\"elementor-section elementor-top-section elementor-element elementor-element-643d11c5 elementor-section-full_width elementor-section-height-default elementor-section-height-default\" data-id=\"643d11c5\" data-element_type=\"section\" data-e-type=\"section\">\n\t\t\t\t\t\t<div class=\"elementor-container elementor-column-gap-no\">\n\t\t\t\t\t<div class=\"elementor-column elementor-col-100 elementor-top-column elementor-element elementor-element-12aa6885\" data-id=\"12aa6885\" data-element_type=\"column\" data-e-type=\"column\">\n\t\t\t<div class=\"elementor-widget-wrap elementor-element-populated\">\n\t\t\t\t\t\t<div class=\"elementor-element elementor-element-5d71ecc elementor-widget elementor-widget-brote-about\" data-id=\"5d71ecc\" data-element_type=\"widget\" data-e-type=\"widget\" data-widget_type=\"brote-about.default\">\n\t\t\t\t<div class=\"elementor-widget-container\">\n\t\t\t\t\t\t<!--Get To Know Start-->\r\n\t<section class=\"get-to-know\">\r\n\t\t\t\t\t<div class=\"get-to-know-bubble float-bob-x\">\r\n\t\t\t\t<img decoding=\"async\" src=\"https:\/\/bracketweb.com\/brotewp\/wp-content\/uploads\/2022\/06\/get-to-know-bubble.png\" alt=\"alt\">\r\n\t\t\t<\/div>\r\n\t\t\t\t<div class=\"container\">\r\n\t\t\t<div class=\"row\">\r\n\t\t\t\t<div class=\"col-xl-6\">\r\n\t\t\t\t\t<div class=\"get-to-know__left\">\r\n\t\t\t\t\t\t<div class=\"get-to-know__img wow slideInLeft\" data-wow-delay=\"100ms\" data-wow-duration=\"2500ms\">\r\n\t\t\t\t\t\t\t\t\t\t\t\t\t\t\t<img decoding=\"async\" src=\"https:\/\/pakyuma.az\/wp-content\/uploads\/2022\/06\/team-details-top-img.jpg\" alt=\"alt\">\r\n\t\t\t\t\t\t\t\t\t\t\t\t\t\t<div class=\"get-to-know-shape-1\"><\/div>\r\n\t\t\t\t\t\t\t<div class=\"get-to-know-shape-2\"><\/div>\r\n\t\t\t\t\t\t<\/div>\r\n\t\t\t\t\t<\/div>\r\n\t\t\t\t<\/div>\r\n\t\t\t\t<div class=\"col-xl-6\">\r\n\t\t\t\t\t<div class=\"get-to-know__right\">\r\n\t\t\t\t\t\t\t\t\t\t\t\t\t<div class=\"section-title text-left\">\r\n\t\t\t\t\t\t\t\t\t\t\t\t\t\t\t\t\t<span class=\"section-title__tagline\">T\u0259mizlik Dostunuz<\/span>\r\n\t\t\t\t\t\t\t\t\t\t\t\t\t\t\t\t\t\t\t\t\t\t\t\t\t<h2 class=\"section-title__title\">Pakyuma<\/h2>\r\n\t\t\t\t\t\t\t\t\t\t\t\t\t\t\t<\/div>\r\n\t\t\t\t\t\t\t\t\t\t\t\t\t\t\t\t\t\t\t<p class=\"get-to-know__text\">Pakyuma \u015firk\u0259ti pe\u015f\u0259kar \u00e7ama\u015f\u0131rxana xidm\u0259tl\u0259ri g\u00f6st\u0259r\u0259n etibarl\u0131 t\u0259r\u0259fda\u015fd\u0131r.M\u00fcasir avadanl\u0131qlar v\u0259 t\u0259cr\u00fcb\u0259li hey\u0259t say\u0259sind\u0259 Pakyuma h\u0259m f\u0259rdi, h\u0259m d\u0259 korporativ m\u00fc\u015ft\u0259ril\u0259r\u0259 s\u00fcr\u0259tli v\u0259 keyfiyy\u0259tli xidm\u0259t t\u0259qdim edir. M\u0259qs\u0259dimiz rahatl\u0131q, t\u0259mizlik v\u0259 m\u00fc\u015ft\u0259ri m\u0259mnuniyy\u0259tidir.<\/p>\r\n\t\t\t\t\t\t\t\t\t\t\t\t\t\t\t\t\t\t\t<div class=\"get-to-know__points-box\">\r\n\r\n\t\t\t\t\t\t\t\t<ul class=\"list-unstyled get-to-know__points ml-0\">\r\n\t\t\t\t\t\t\t\t\t\t\t\t\t\t\t\t\t<\/ul>\r\n\r\n\t\t\t\t\t\t\t\t<ul class=\"list-unstyled get-to-know__points get-to-know__points--two ml-0\">\r\n\t\t\t\t\t\t\t\t\t\t\t\t\t\t\t\t\t<\/ul>\r\n\t\t\t\t\t\t\t<\/div>\r\n\t\t\t\t\t\t\t\t\t\t\t\t\t\t\t\t\t\t\t<a target=_blank href=\"mailto:info@pakyuma.az\" class=\"thm-btn get-to-know__btn \">\u018flaq\u0259\t\t\t\t\t\t\t\t<i aria-hidden=\"true\" class=\"  fa fa-angle-right\"><\/i>\t\t\t\t\t\t\t<\/a>\r\n\t\t\t\t\t\t\t\t\t\t\t<\/div>\r\n\t\t\t\t<\/div>\r\n\t\t\t<\/div>\r\n\t\t<\/div>\r\n\t<\/section>\r\n\t<!--Get To Know End-->\r\n\t\t\t\t<\/div>\n\t\t\t\t<\/div>\n\t\t\t\t\t<\/div>\n\t\t<\/div>\n\t\t\t\t\t<\/div>\n\t\t<\/section>\n\t\t\t\t<\/div>\n\t\t","protected":false},"excerpt":{"rendered":"<p>T\u0259mizlik Dostunuz Pakyuma Pakyuma \u015firk\u0259ti pe\u015f\u0259kar \u00e7ama\u015f\u0131rxana xidm\u0259tl\u0259ri g\u00f6st\u0259r\u0259n etibarl\u0131 t\u0259r\u0259fda\u015fd\u0131r.M\u00fcasir avadanl\u0131qlar v\u0259 t\u0259cr\u00fcb\u0259li hey\u0259t say\u0259sind\u0259 Pakyuma h\u0259m f\u0259rdi, h\u0259m d\u0259 korporativ m\u00fc\u015ft\u0259ril\u0259r\u0259 s\u00fcr\u0259tli v\u0259 keyfiyy\u0259tli xidm\u0259t t\u0259qdim edir. M\u0259qs\u0259dimiz rahatl\u0131q, t\u0259mizlik v\u0259 m\u00fc\u015ft\u0259ri m\u0259mnuniyy\u0259tidir. \u018flaq\u0259<\/p>\n","protected":false},"author":1,"featured_media":0,"parent":0,"menu_order":0,"comment_status":"closed","ping_status":"closed","template":"elementor_header_footer","meta":{"footnotes":""},"class_list":["post-23","page","type-page","status-publish","hentry"],"_links":{"self":[{"href":"https:\/\/pakyuma.az\/index.php?rest_route=\/wp\/v2\/pages\/23","targetHints":{"allow":["GET"]}}],"collection":[{"href":"https:\/\/pakyuma.az\/index.php?rest_route=\/wp\/v2\/pages"}],"about":[{"href":"https:\/\/pakyuma.az\/index.php?rest_route=\/wp\/v2\/types\/page"}],"author":[{"embeddable":true,"href":"https:\/\/pakyuma.az\/index.php?rest_route=\/wp\/v2\/users\/1"}],"replies":[{"embeddable":true,"href":"https:\/\/pakyuma.az\/index.php?rest_route=%2Fwp%2Fv2%2Fcomments&post=23"}],"version-history":[{"count":7,"href":"https:\/\/pakyuma.az\/index.php?rest_route=\/wp\/v2\/pages\/23\/revisions"}],"predecessor-version":[{"id":1444,"href":"https:\/\/pakyuma.az\/index.php?rest_route=\/wp\/v2\/pages\/23\/revisions\/1444"}],"wp:attachment":[{"href":"https:\/\/pakyuma.az\/index.php?rest_route=%2Fwp%2Fv2%2Fmedia&parent=23"}],"curies":[{"name":"wp","href":"https:\/\/api.w.org\/{rel}","templated":true}]}}